{"id":2590,"date":"2022-10-01T13:28:40","date_gmt":"2022-10-01T13:28:40","guid":{"rendered":"https:\/\/habluetzel.ch\/clause-de-non-responsabilite\/"},"modified":"2022-10-01T13:28:40","modified_gmt":"2022-10-01T13:28:40","slug":"clause-de-non-responsabilite","status":"publish","type":"page","link":"https:\/\/habluetzel.ch\/fr\/clause-de-non-responsabilite\/","title":{"rendered":"Clause de non-responsabilit\u00e9"},"content":{"rendered":"<p><strong>Clause de non-responsabilit\u00e9<\/strong><br \/>\nLe site www.habluetzel.ch est le portail d&rsquo;information de l&rsquo;entreprise. Habl\u00fctzel AG \u00e0 Wilchingen. Les personnes qui acc\u00e8dent \u00e0 ces pages web et y consultent des informations se d\u00e9clarent d&rsquo;accord avec les dispositions suivantes :<\/p>\n<p><strong>Utilisation<\/strong><br \/>\nLa soci\u00e9t\u00e9 Habl\u00fctzel SA met tout en \u0153uvre pour assurer un fonctionnement s\u00fbr de son site Internet. Toutefois, des d\u00e9fauts tels que la perte ou la falsification de donn\u00e9es, l&rsquo;attaque de virus, l&rsquo;interruption de l&rsquo;exploitation, etc. ne peuvent pas \u00eatre exclus. L&rsquo;acc\u00e8s aux pages web se fait donc \u00e0 vos propres risques et sous votre propre responsabilit\u00e9.<\/p>\n<p><strong>Clause de non-responsabilit\u00e9<\/strong><br \/>\nLa soci\u00e9t\u00e9 Habl\u00fctzel SA d\u00e9cline toute responsabilit\u00e9 pour les dommages ou les dommages cons\u00e9cutifs r\u00e9sultant de l&rsquo;acc\u00e8s \u00e0 son site Internet ou \u00e0 certaines parties de celui-ci (comme par exemple les documents t\u00e9l\u00e9charg\u00e9s), de leur utilisation (ou de l&rsquo;impossibilit\u00e9 d&rsquo;y acc\u00e9der ou de les utiliser) ou des liens vers d&rsquo;autres sites Internet.<\/p>\n<p><strong>Exclusion de garantie<\/strong><br \/>\nLa soci\u00e9t\u00e9 Habl\u00fctzel SA apporte tout son soin \u00e0 ce que les informations contenues dans les pages web soient correctes et actuelles au moment de leur publication et qu&rsquo;elles ne portent pas atteinte aux droits de tiers (en particulier aux droits de la protection de la personnalit\u00e9). Toutefois, Habl\u00fctzel SA ne peut pas garantir l&rsquo;exactitude, la fiabilit\u00e9 ou l&rsquo;exhaustivit\u00e9 des informations.<\/p>\n<p><strong>Sites web li\u00e9s (liens)<\/strong><br \/>\nLes pages web contiennent en partie des liens vers des sites web de tiers, notamment vers des offres priv\u00e9es. Habl\u00fctzel SA n&rsquo;assume aucune responsabilit\u00e9 quant \u00e0 leur contenu, aux produits, services ou autres offres qui y sont propos\u00e9s, ni quant au respect des dispositions relatives \u00e0 la protection des donn\u00e9es. L&rsquo;activation d&rsquo;un lien se fait sous votre propre responsabilit\u00e9. Par ailleurs, il n&rsquo;existe aucun droit \u00e0 l&rsquo;insertion de liens vers des offres priv\u00e9es.<\/p>\n<p><strong>Protection du logo Habl\u00fctzel<\/strong><br \/>\nPour l&rsquo;utilisation du logo de la soci\u00e9t\u00e9 Habl\u00fctzel AG, il convient de demander notre accord.<\/p>\n<p><strong>Mentions l\u00e9gales<\/strong><br \/>\nHabl\u00fctzel AG M\u00fchlibach CH-8217 Wilchingen<br \/>\nDesign : Habl\u00fctzel AG<br \/>\nMise en \u0153uvre : Habl\u00fctzel AG<\/p>\n","protected":false},"excerpt":{"rendered":"<p>Clause de non-responsabilit\u00e9 Le site www.habluetzel.ch est le portail d&rsquo;information  [&#8230;]<\/p>\n","protected":false},"author":1,"featured_media":0,"parent":0,"menu_order":0,"comment_status":"closed","ping_status":"open","template":"","meta":{"footnotes":""},"class_list":["post-2590","page","type-page","status-publish","hentry"],"yoast_head":"<!-- This site is optimized with the Yoast SEO plugin v27.4 - https:\/\/yoast.com\/product\/yoast-seo-wordpress\/ -->\n<title>Clause de non-responsabilit\u00e9 - Habl\u00fctzel AG<\/title>\n<meta name=\"robots\" content=\"noindex, nofollow\" \/>\n<meta property=\"og:locale\" content=\"fr_FR\" \/>\n<meta property=\"og:type\" content=\"article\" \/>\n<meta property=\"og:title\" content=\"Clause de non-responsabilit\u00e9 - Habl\u00fctzel AG\" \/>\n<meta property=\"og:description\" content=\"Clause de non-responsabilit\u00e9 Le site www.habluetzel.ch est le portail d&rsquo;information [...]\" \/>\n<meta property=\"og:url\" content=\"https:\/\/habluetzel.ch\/fr\/clause-de-non-responsabilite\/\" \/>\n<meta property=\"og:site_name\" content=\"Habl\u00fctzel AG\" \/>\n<meta name=\"twitter:card\" content=\"summary_large_image\" \/>\n<meta name=\"twitter:label1\" content=\"Dur\u00e9e de lecture estim\u00e9e\" \/>\n\t<meta name=\"twitter:data1\" content=\"2 minutes\" \/>\n<script type=\"application\/ld+json\" class=\"yoast-schema-graph\">{\"@context\":\"https:\\\/\\\/schema.org\",\"@graph\":[{\"@type\":\"WebPage\",\"@id\":\"https:\\\/\\\/habluetzel.ch\\\/fr\\\/clause-de-non-responsabilite\\\/\",\"url\":\"https:\\\/\\\/habluetzel.ch\\\/fr\\\/clause-de-non-responsabilite\\\/\",\"name\":\"Clause de non-responsabilit\u00e9 - Habl\u00fctzel AG\",\"isPartOf\":{\"@id\":\"https:\\\/\\\/habluetzel.ch\\\/fr\\\/#website\"},\"datePublished\":\"2022-10-01T13:28:40+00:00\",\"breadcrumb\":{\"@id\":\"https:\\\/\\\/habluetzel.ch\\\/fr\\\/clause-de-non-responsabilite\\\/#breadcrumb\"},\"inLanguage\":\"fr-FR\",\"potentialAction\":[{\"@type\":\"ReadAction\",\"target\":[\"https:\\\/\\\/habluetzel.ch\\\/fr\\\/clause-de-non-responsabilite\\\/\"]}]},{\"@type\":\"BreadcrumbList\",\"@id\":\"https:\\\/\\\/habluetzel.ch\\\/fr\\\/clause-de-non-responsabilite\\\/#breadcrumb\",\"itemListElement\":[{\"@type\":\"ListItem\",\"position\":1,\"name\":\"Home\",\"item\":\"https:\\\/\\\/habluetzel.ch\\\/fr\\\/page-daccueil\\\/\"},{\"@type\":\"ListItem\",\"position\":2,\"name\":\"Clause de non-responsabilit\u00e9\"}]},{\"@type\":\"WebSite\",\"@id\":\"https:\\\/\\\/habluetzel.ch\\\/fr\\\/#website\",\"url\":\"https:\\\/\\\/habluetzel.ch\\\/fr\\\/\",\"name\":\"Habl\u00fctzel AG\",\"description\":\"Alles aus einer Hand\",\"potentialAction\":[{\"@type\":\"SearchAction\",\"target\":{\"@type\":\"EntryPoint\",\"urlTemplate\":\"https:\\\/\\\/habluetzel.ch\\\/fr\\\/?s={search_term_string}\"},\"query-input\":{\"@type\":\"PropertyValueSpecification\",\"valueRequired\":true,\"valueName\":\"search_term_string\"}}],\"inLanguage\":\"fr-FR\"}]}<\/script>\n<!-- \/ Yoast SEO plugin. -->","yoast_head_json":{"title":"Clause de non-responsabilit\u00e9 - Habl\u00fctzel AG","robots":{"index":"noindex","follow":"nofollow"},"og_locale":"fr_FR","og_type":"article","og_title":"Clause de non-responsabilit\u00e9 - Habl\u00fctzel AG","og_description":"Clause de non-responsabilit\u00e9 Le site www.habluetzel.ch est le portail d&rsquo;information [...]","og_url":"https:\/\/habluetzel.ch\/fr\/clause-de-non-responsabilite\/","og_site_name":"Habl\u00fctzel AG","twitter_card":"summary_large_image","twitter_misc":{"Dur\u00e9e de lecture estim\u00e9e":"2 minutes"},"schema":{"@context":"https:\/\/schema.org","@graph":[{"@type":"WebPage","@id":"https:\/\/habluetzel.ch\/fr\/clause-de-non-responsabilite\/","url":"https:\/\/habluetzel.ch\/fr\/clause-de-non-responsabilite\/","name":"Clause de non-responsabilit\u00e9 - Habl\u00fctzel AG","isPartOf":{"@id":"https:\/\/habluetzel.ch\/fr\/#website"},"datePublished":"2022-10-01T13:28:40+00:00","breadcrumb":{"@id":"https:\/\/habluetzel.ch\/fr\/clause-de-non-responsabilite\/#breadcrumb"},"inLanguage":"fr-FR","potentialAction":[{"@type":"ReadAction","target":["https:\/\/habluetzel.ch\/fr\/clause-de-non-responsabilite\/"]}]},{"@type":"BreadcrumbList","@id":"https:\/\/habluetzel.ch\/fr\/clause-de-non-responsabilite\/#breadcrumb","itemListElement":[{"@type":"ListItem","position":1,"name":"Home","item":"https:\/\/habluetzel.ch\/fr\/page-daccueil\/"},{"@type":"ListItem","position":2,"name":"Clause de non-responsabilit\u00e9"}]},{"@type":"WebSite","@id":"https:\/\/habluetzel.ch\/fr\/#website","url":"https:\/\/habluetzel.ch\/fr\/","name":"Habl\u00fctzel AG","description":"Alles aus einer Hand","potentialAction":[{"@type":"SearchAction","target":{"@type":"EntryPoint","urlTemplate":"https:\/\/habluetzel.ch\/fr\/?s={search_term_string}"},"query-input":{"@type":"PropertyValueSpecification","valueRequired":true,"valueName":"search_term_string"}}],"inLanguage":"fr-FR"}]}},"_links":{"self":[{"href":"https:\/\/habluetzel.ch\/fr\/wp-json\/wp\/v2\/pages\/2590","targetHints":{"allow":["GET"]}}],"collection":[{"href":"https:\/\/habluetzel.ch\/fr\/wp-json\/wp\/v2\/pages"}],"about":[{"href":"https:\/\/habluetzel.ch\/fr\/wp-json\/wp\/v2\/types\/page"}],"author":[{"embeddable":true,"href":"https:\/\/habluetzel.ch\/fr\/wp-json\/wp\/v2\/users\/1"}],"replies":[{"embeddable":true,"href":"https:\/\/habluetzel.ch\/fr\/wp-json\/wp\/v2\/comments?post=2590"}],"version-history":[{"count":0,"href":"https:\/\/habluetzel.ch\/fr\/wp-json\/wp\/v2\/pages\/2590\/revisions"}],"wp:attachment":[{"href":"https:\/\/habluetzel.ch\/fr\/wp-json\/wp\/v2\/media?parent=2590"}],"curies":[{"name":"wp","href":"https:\/\/api.w.org\/{rel}","templated":true}]}}