{"id":2527,"date":"2022-10-01T13:39:19","date_gmt":"2022-10-01T13:39:19","guid":{"rendered":"https:\/\/habluetzel.ch\/page-daccueil\/"},"modified":"2024-02-23T10:39:07","modified_gmt":"2024-02-23T10:39:07","slug":"page-daccueil","status":"publish","type":"page","link":"https:\/\/habluetzel.ch\/fr\/","title":{"rendered":"Page d&rsquo;accueil"},"content":{"rendered":"<p><div class=\"fusion-fullwidth fullwidth-box fusion-builder-row-1 fusion-flex-container nonhundred-percent-fullwidth non-hundred-percent-height-scrolling\" style=\"--link_hover_color: var(--awb-color5);--link_color: var(--awb-color5);--awb-border-sizes-top:0px;--awb-border-sizes-bottom:0px;--awb-border-sizes-left:0px;--awb-border-sizes-right:0px;--awb-border-color:var(--awb-color2);--awb-border-radius-top-left:0px;--awb-border-radius-top-right:0px;--awb-border-radius-bottom-right:0px;--awb-border-radius-bottom-left:0px;--awb-padding-top:80px;--awb-padding-right:30px;--awb-padding-bottom:0px;--awb-padding-left:30px;--awb-padding-top-small:45px;--awb-padding-bottom-small:45px;--awb-margin-top:0px;--awb-margin-bottom:0px;--awb-background-color:var(--awb-color1);--awb-flex-wrap:wrap;\" ><div class=\"fusion-builder-row fusion-row fusion-flex-align-items-center fusion-flex-content-wrap\" style=\"max-width:1296px;margin-left: calc(-8% \/ 2 );margin-right: calc(-8% \/ 2 );\"><div class=\"fusion-layout-column fusion_builder_column fusion-builder-column-0 fusion_builder_column_1_2 1_2 fusion-flex-column fusion-flex-align-self-flex-start fusion-animated\" style=\"--awb-bg-size:cover;--awb-width-large:50%;--awb-margin-top-large:0px;--awb-spacing-right-large:3.68%;--awb-margin-bottom-large:0px;--awb-spacing-left-large:7.36%;--awb-width-medium:40%;--awb-order-medium:0;--awb-spacing-right-medium:4.6%;--awb-spacing-left-medium:9.2%;--awb-width-small:100%;--awb-order-small:0;--awb-spacing-right-small:3.68%;--awb-margin-bottom-small:55px;--awb-spacing-left-small:3.68%;\" data-animationType=\"fadeInLeft\" data-animationDuration=\"1.3\" data-animationOffset=\"top-into-view\"><div class=\"fusion-column-wrapper fusion-column-has-shadow fusion-flex-justify-content-flex-start fusion-content-layout-column\"><div class=\"fusion-title title fusion-title-1 fusion-sep-none fusion-title-text fusion-title-size-one\" style=\"--awb-margin-top-small:10px;--awb-margin-right-small:0px;--awb-margin-bottom-small:10px;--awb-margin-left-small:0px;\"><h1 class=\"fusion-title-heading title-heading-left fusion-responsive-typography-calculated\" style=\"margin:0;--fontSize:50;line-height:var(--awb-typography1-line-height);\"><h4>Habl\u00fctzel AG Wilchingen<\/h4><\/h1><\/div><div class=\"fusion-image-element \" style=\"--awb-caption-title-font-family:var(--h2_typography-font-family);--awb-caption-title-font-weight:var(--h2_typography-font-weight);--awb-caption-title-font-style:var(--h2_typography-font-style);--awb-caption-title-size:var(--h2_typography-font-size);--awb-caption-title-transform:var(--h2_typography-text-transform);--awb-caption-title-line-height:var(--h2_typography-line-height);--awb-caption-title-letter-spacing:var(--h2_typography-letter-spacing);\"><span class=\" fusion-imageframe imageframe-none imageframe-1 hover-type-none\"><img decoding=\"async\" width=\"660\" height=\"325\" title=\"000\" src=\"https:\/\/habluetzel.ch\/wp-content\/uploads\/2022\/10\/000.jpg\" alt class=\"img-responsive wp-image-15\" srcset=\"https:\/\/habluetzel.ch\/wp-content\/uploads\/2022\/10\/000-200x98.jpg 200w, https:\/\/habluetzel.ch\/wp-content\/uploads\/2022\/10\/000-400x197.jpg 400w, https:\/\/habluetzel.ch\/wp-content\/uploads\/2022\/10\/000-600x295.jpg 600w, https:\/\/habluetzel.ch\/wp-content\/uploads\/2022\/10\/000.jpg 660w\" sizes=\"(max-width: 640px) 100vw, 600px\" \/><\/span><\/div><div class=\"fusion-text fusion-text-1\"><h4><\/h4>\n<h4>Connaissances sp\u00e9cifiques du secteur<\/h4>\n<p>Gr\u00e2ce \u00e0 notre savoir-faire sp\u00e9cifique et de longue date, nous sommes en mesure de d\u00e9velopper et de r\u00e9aliser des solutions sp\u00e9ciales pour l&rsquo;industrie alimentaire et pharmaceutique. Des entreprises renomm\u00e9es de ces secteurs font partie de notre client\u00e8le.<\/p>\n<\/div><div class=\"fusion-separator fusion-full-width-sep\" style=\"align-self: center;margin-left: auto;margin-right: auto;width:100%;\"><div class=\"fusion-separator-border sep-single sep-solid\" style=\"--awb-height:20px;--awb-amount:20px;--awb-sep-color:rgba(20,22,23,0.17);border-color:rgba(20,22,23,0.17);border-top-width:1px;\"><\/div><\/div><\/div><\/div><div class=\"fusion-layout-column fusion_builder_column fusion-builder-column-1 fusion_builder_column_1_2 1_2 fusion-flex-column fusion-flex-align-self-flex-start fusion-animated\" style=\"--awb-bg-size:cover;--awb-width-large:50%;--awb-margin-top-large:0px;--awb-spacing-right-large:7.36%;--awb-margin-bottom-large:0px;--awb-spacing-left-large:3.68%;--awb-width-medium:60%;--awb-order-medium:0;--awb-spacing-right-medium:6.1333333333333%;--awb-spacing-left-medium:3.0666666666667%;--awb-width-small:100%;--awb-order-small:0;--awb-spacing-right-small:3.68%;--awb-spacing-left-small:3.68%;\" data-animationType=\"fadeInRight\" data-animationDuration=\"1.3\" data-animationOffset=\"top-into-view\"><div class=\"fusion-column-wrapper fusion-column-has-shadow fusion-flex-justify-content-flex-start fusion-content-layout-column\"><div class=\"fusion-text fusion-text-2\"><h4>Un seul fournisseur<\/h4>\n<p>Depuis plus de 75 ans, nous d\u00e9veloppons, planifions et r\u00e9alisons des composants et des installations selon les sp\u00e9cifications de nos clients. La conception, la construction et la fabrication ont lieu dans notre entreprise dot\u00e9e d&rsquo;un \u00e9quipement moderne.<br \/>\nGr\u00e2ce \u00e0 l&rsquo;innovation et \u00e0 la comp\u00e9tence de Habl\u00fctzel SA, l&rsquo;entreprise s&rsquo;est impos\u00e9e sur le march\u00e9 depuis plus de 75 ans dans les situations \u00e9conomiques les plus diverses. L&rsquo;ancienne forge du village s&rsquo;est rapidement d\u00e9velopp\u00e9e en une entreprise industrielle. Des appareils de transport robustes faisaient partie de la premi\u00e8re gamme de produits d\u00e9velopp\u00e9e en interne. Les avantages de l&rsquo;acier noble et sp\u00e9cial ont \u00e9t\u00e9 rapidement d\u00e9couverts, si bien que la soci\u00e9t\u00e9 Habl\u00fctzel AG dispose aujourd&rsquo;hui d&rsquo;une longue exp\u00e9rience dans ce domaine. En associant les connaissances sp\u00e9cialis\u00e9es de ses clients et de ses collaborateurs, l&rsquo;entreprise d\u00e9veloppe des produits individuels qui r\u00e9pondent de mani\u00e8re optimale aux t\u00e2ches \u00e0 accomplir.<\/p>\n<\/div><div class=\"fusion-separator fusion-full-width-sep\" style=\"align-self: center;margin-left: auto;margin-right: auto;width:100%;\"><div class=\"fusion-separator-border sep-single sep-solid\" style=\"--awb-height:20px;--awb-amount:20px;--awb-sep-color:hsla(var(--awb-color8-h),var(--awb-color8-s),var(--awb-color8-l),calc(var(--awb-color8-a) - 80%));border-color:hsla(var(--awb-color8-h),var(--awb-color8-s),var(--awb-color8-l),calc(var(--awb-color8-a) - 80%));border-top-width:1px;\"><\/div><\/div><div class=\"fusion-builder-row fusion-builder-row-inner fusion-row fusion-flex-align-items-center fusion-flex-content-wrap\" style=\"--awb-flex-grow:0;--awb-flex-grow-medium:0;--awb-flex-grow-small:0;--awb-flex-shrink:0;--awb-flex-shrink-medium:0;--awb-flex-shrink-small:0;width:108% !important;max-width:108% !important;margin-left: calc(-8% \/ 2 );margin-right: calc(-8% \/ 2 );\"><div class=\"fusion-layout-column fusion_builder_column_inner fusion-builder-nested-column-0 fusion_builder_column_inner_1_2 1_2 fusion-flex-column fusion-flex-align-self-flex-start fusion-no-small-visibility fusion-no-medium-visibility\" style=\"--awb-padding-top:10px;--awb-padding-right:50px;--awb-bg-size:cover;--awb-border-color:hsla(var(--awb-color8-h),var(--awb-color8-s),var(--awb-color8-l),calc(var(--awb-color8-a) - 80%));--awb-border-right:1px;--awb-border-style:solid;--awb-width-large:50%;--awb-margin-top-large:0px;--awb-spacing-right-large:0%;--awb-margin-bottom-large:0px;--awb-spacing-left-large:7.36%;--awb-width-medium:50%;--awb-order-medium:0;--awb-spacing-right-medium:0%;--awb-spacing-left-medium:7.36%;--awb-width-small:100%;--awb-order-small:0;--awb-spacing-right-small:3.68%;--awb-margin-bottom-small:30px;--awb-spacing-left-small:3.68%;\"><div class=\"fusion-column-wrapper fusion-column-has-shadow fusion-flex-justify-content-flex-end fusion-content-layout-column\"><div class=\"fusion-text fusion-text-3 fusion-text-no-margin\" style=\"--awb-font-size:var(--awb-typography4-font-size);--awb-line-height:var(--awb-typography4-line-height);--awb-letter-spacing:var(--awb-typography4-letter-spacing);--awb-text-transform:var(--awb-typography4-text-transform);--awb-text-color:var(--awb-color8);--awb-margin-bottom:0px;--awb-text-font-family:var(--awb-typography4-font-family);--awb-text-font-weight:var(--awb-typography4-font-weight);--awb-text-font-style:var(--awb-typography4-font-style);\"><p>Habl\u00fctzel AG<br \/>\nConstruction d&rsquo;appareils<br \/>\nM\u00fcllibach 1<br \/>\n8217 Wilchingen<\/p>\n<\/div><\/div><\/div><div class=\"fusion-layout-column fusion_builder_column_inner fusion-builder-nested-column-1 fusion_builder_column_inner_1_2 1_2 fusion-flex-column fusion-flex-align-self-stretch fusion-no-medium-visibility fusion-no-large-visibility\" style=\"--awb-padding-top:50px;--awb-padding-right:50px;--awb-bg-size:cover;--awb-border-color:hsla(var(--awb-color8-h),var(--awb-color8-s),var(--awb-color8-l),calc(var(--awb-color8-a) - 80%));--awb-border-style:solid;--awb-width-large:50%;--awb-margin-top-large:0px;--awb-spacing-right-large:0%;--awb-margin-bottom-large:0px;--awb-spacing-left-large:7.36%;--awb-width-medium:50%;--awb-order-medium:0;--awb-spacing-right-medium:0%;--awb-spacing-left-medium:7.36%;--awb-width-small:100%;--awb-order-small:0;--awb-spacing-right-small:3.68%;--awb-margin-bottom-small:30px;--awb-spacing-left-small:3.68%;\"><div class=\"fusion-column-wrapper fusion-column-has-shadow fusion-flex-justify-content-flex-end fusion-content-layout-column\"><div class=\"fusion-text fusion-text-4 fusion-no-small-visibility fusion-no-medium-visibility fusion-text-no-margin\" style=\"--awb-font-size:var(--awb-typography4-font-size);--awb-line-height:var(--awb-typography4-line-height);--awb-letter-spacing:var(--awb-typography4-letter-spacing);--awb-text-transform:var(--awb-typography4-text-transform);--awb-text-color:var(--awb-color8);--awb-margin-bottom:0px;--awb-text-font-family:var(--awb-typography4-font-family);--awb-text-font-weight:var(--awb-typography4-font-weight);--awb-text-font-style:var(--awb-typography4-font-style);\"><p>Sed porttitor lectus nibh. Vivamus magna justo, lacinia eget consectetur sed, convallis.<\/p>\n<\/div><\/div><\/div><div class=\"fusion-layout-column fusion_builder_column_inner fusion-builder-nested-column-2 fusion_builder_column_inner_1_2 1_2 fusion-flex-column fusion-flex-align-self-center\" style=\"--awb-padding-top-small:0px;--awb-padding-left-small:0px;--awb-bg-size:cover;--awb-width-large:50%;--awb-margin-top-large:0px;--awb-spacing-right-large:9.2%;--awb-margin-bottom-large:0px;--awb-spacing-left-large:9.2%;--awb-width-medium:50%;--awb-order-medium:0;--awb-spacing-right-medium:9.2%;--awb-spacing-left-medium:9.2%;--awb-width-small:100%;--awb-order-small:0;--awb-spacing-right-small:3.68%;--awb-spacing-left-small:3.68%;\"><div class=\"fusion-column-wrapper fusion-column-has-shadow fusion-flex-justify-content-flex-end fusion-content-layout-column\"><div ><a class=\"fusion-button button-flat fusion-button-default-size button-custom fusion-button-default button-1 fusion-button-span-yes fusion-no-small-visibility fusion-no-medium-visibility\" style=\"--awb-padding-top:20px;--awb-padding-bottom:20px;--button_accent_color:var(--awb-color1);--button_border_color:var(--awb-color8);--button_accent_hover_color:var(--awb-color1);--button_border_hover_color:var(--awb-color1);--button_border_width-top:0px;--button_border_width-right:0px;--button_border_width-bottom:0px;--button_border_width-left:0px;--button-border-radius-top-left:0;--button-border-radius-top-right:0;--button-border-radius-bottom-right:0;--button-border-radius-bottom-left:0;--button_gradient_top_color:var(--awb-color8);--button_gradient_bottom_color:var(--awb-color8);--button_gradient_top_color_hover:hsla(var(--awb-color6-h),calc(var(--awb-color6-s) - 5%),calc(var(--awb-color6-l) - 10%),var(--awb-color6-a));--button_gradient_bottom_color_hover:hsla(var(--awb-color6-h),calc(var(--awb-color6-s) - 5%),calc(var(--awb-color6-l) - 10%),var(--awb-color6-a));--button_text_transform:var(--awb-typography3-text-transform);--button_font_size:var(--awb-typography3-font-size);--button_line_height:var(--awb-typography3-line-height);--button_typography-letter-spacing:var(--awb-typography3-letter-spacing);--button_typography-font-family:var(--awb-typography3-font-family);--button_typography-font-weight:var(--awb-typography3-font-weight);--button_typography-font-style:var(--awb-typography3-font-style);\" target=\"_self\" href=\"https:\/\/habluetzel.ch\/fr\/contact\/\"><span class=\"fusion-button-text awb-button__text awb-button__text--default\">Contact<\/span><\/a><\/div><\/div><\/div><\/div><\/div><\/div><\/div><\/div><div class=\"fusion-fullwidth fullwidth-box fusion-builder-row-2 fusion-flex-container nonhundred-percent-fullwidth non-hundred-percent-height-scrolling\" style=\"--link_hover_color: var(--awb-color5);--link_color: var(--awb-color5);--awb-border-sizes-top:0px;--awb-border-sizes-bottom:0px;--awb-border-sizes-left:0px;--awb-border-sizes-right:0px;--awb-border-color:var(--awb-color2);--awb-border-radius-top-left:0px;--awb-border-radius-top-right:0px;--awb-border-radius-bottom-right:0px;--awb-border-radius-bottom-left:0px;--awb-padding-top:80px;--awb-padding-right:30px;--awb-padding-bottom:0px;--awb-padding-left:30px;--awb-padding-top-small:45px;--awb-padding-bottom-small:45px;--awb-margin-top:0px;--awb-margin-bottom:0px;--awb-background-color:var(--awb-color1);--awb-flex-wrap:wrap;\" ><div class=\"fusion-builder-row fusion-row fusion-flex-align-items-center fusion-flex-content-wrap\" style=\"max-width:1296px;margin-left: calc(-8% \/ 2 );margin-right: calc(-8% \/ 2 );\"><div class=\"fusion-layout-column fusion_builder_column fusion-builder-column-2 fusion_builder_column_1_2 1_2 fusion-flex-column fusion-flex-align-self-flex-start fusion-animated\" style=\"--awb-bg-size:cover;--awb-width-large:50%;--awb-margin-top-large:0px;--awb-spacing-right-large:3.68%;--awb-margin-bottom-large:0px;--awb-spacing-left-large:7.36%;--awb-width-medium:40%;--awb-order-medium:0;--awb-spacing-right-medium:4.6%;--awb-spacing-left-medium:9.2%;--awb-width-small:100%;--awb-order-small:0;--awb-spacing-right-small:3.68%;--awb-margin-bottom-small:55px;--awb-spacing-left-small:3.68%;\" data-animationType=\"fadeInLeft\" data-animationDuration=\"1.3\" data-animationOffset=\"top-into-view\"><div class=\"fusion-column-wrapper fusion-column-has-shadow fusion-flex-justify-content-flex-start fusion-content-layout-column\"><div class=\"fusion-text fusion-text-5\"><h4>Produits<\/h4>\n<p>&#8211; R\u00e9servoirs, silos, m\u00e9langeurs, agitateurs, filtres, tr\u00e9mies, cuves<\/p>\n<p>&#8211; Convoyeurs \u00e0 vis, convoyeurs \u00e0 spirales, convoyeurs \u00e0 spirales flexibles, vis de dosage et d&rsquo;extraction, vis de d\u00e9shydratation, vis de pressage, vis de s\u00e9chage et vis de refroidissement.<\/p>\n<p>&#8211; Installations et composants pour refroidir, chauffer, m\u00e9langer, s\u00e9cher, d\u00e9shydrater, doser, presser, broyer.<\/p>\n<p>&#8211; Installation d&rsquo;\u00e9limination des d\u00e9chets, installations de d\u00e9versement pour les mati\u00e8res recyclables et le linge<\/p>\n<p>&#8211; Pi\u00e8ces en t\u00f4le, constructions soud\u00e9es, pi\u00e8ces de machines<\/p>\n<p>&#8211; \u00c9quipements pour stations d&rsquo;\u00e9puration, de compostage, de s\u00e9chage et d&rsquo;incin\u00e9ration<\/p>\n<p>&#8211; Construction d&rsquo;installations, installations de transport, de dosage, de m\u00e9lange et de remplissage, manutention de produits en vrac<br \/>\n&#8211; Construction de machines sp\u00e9ciales et particuli\u00e8res<\/p>\n<\/div><\/div><\/div><div class=\"fusion-layout-column fusion_builder_column fusion-builder-column-3 fusion_builder_column_1_2 1_2 fusion-flex-column fusion-flex-align-self-flex-start fusion-animated\" style=\"--awb-bg-size:cover;--awb-width-large:50%;--awb-margin-top-large:0px;--awb-spacing-right-large:7.36%;--awb-margin-bottom-large:0px;--awb-spacing-left-large:3.68%;--awb-width-medium:60%;--awb-order-medium:0;--awb-spacing-right-medium:6.1333333333333%;--awb-spacing-left-medium:3.0666666666667%;--awb-width-small:100%;--awb-order-small:0;--awb-spacing-right-small:3.68%;--awb-spacing-left-small:3.68%;\" data-animationType=\"fadeInRight\" data-animationDuration=\"1.3\" data-animationOffset=\"top-into-view\"><div class=\"fusion-column-wrapper fusion-column-has-shadow fusion-flex-justify-content-flex-start fusion-content-layout-column\"><div class=\"fusion-text fusion-text-6\"><h4>Une offre de services compl\u00e8te<\/h4>\n<p>Outre la fabrication, notre offre de services comprend \u00e9galement des prestations d&rsquo;ing\u00e9nierie et de construction ainsi que des montages en usine ou sur place.<\/p>\n<p>&#8211; Ing\u00e9nierie, conception CAO, construction, comp\u00e9tences techniques polyvalentes R\u00e9solution de probl\u00e8mes.<\/p>\n<p>&#8211; \u00e9quipements m\u00e9caniques pour la t\u00f4lerie, les traitements m\u00e9caniques, les traitements de surface, le sablage de billes de verre<\/p>\n<p>&#8211; tous les proc\u00e9d\u00e9s de soudage courants pour les aciers inoxydables et r\u00e9sistants \u00e0 la corrosion, l&rsquo;aluminium, les aciers sp\u00e9ciaux<\/p>\n<p>&#8211; Montage, mise en service, service et entretien<\/p>\n<\/div><div class=\"fusion-text fusion-text-7\"><h4>Gestion de la qualit\u00e9<\/h4>\n<p>Depuis 1996, notre entreprise est certifi\u00e9e ISO 9001.<\/p>\n<\/div><\/div><\/div><\/div><\/div><\/p>\n","protected":false},"excerpt":{"rendered":"","protected":false},"author":1,"featured_media":0,"parent":0,"menu_order":0,"comment_status":"closed","ping_status":"closed","template":"100-width.php","meta":{"footnotes":""},"class_list":["post-2527","page","type-page","status-publish","hentry"],"yoast_head":"<!-- This site is optimized with the Yoast SEO plugin v27.4 - https:\/\/yoast.com\/product\/yoast-seo-wordpress\/ -->\n<title>Habl\u00fctzel AG - Tout d&#039;une seule source<\/title>\n<meta name=\"robots\" content=\"index, follow, max-snippet:-1, max-image-preview:large, max-video-preview:-1\" \/>\n<link rel=\"canonical\" href=\"https:\/\/habluetzel.ch\/fr\/\" \/>\n<meta property=\"og:locale\" content=\"fr_FR\" \/>\n<meta property=\"og:type\" content=\"article\" \/>\n<meta property=\"og:title\" content=\"Habl\u00fctzel AG - Tout d&#039;une seule source\" \/>\n<meta property=\"og:url\" content=\"https:\/\/habluetzel.ch\/fr\/\" \/>\n<meta property=\"og:site_name\" content=\"Habl\u00fctzel AG\" \/>\n<meta property=\"article:modified_time\" content=\"2024-02-23T10:39:07+00:00\" \/>\n<meta name=\"twitter:card\" content=\"summary_large_image\" \/>\n<meta name=\"twitter:label1\" content=\"Dur\u00e9e de lecture estim\u00e9e\" \/>\n\t<meta name=\"twitter:data1\" content=\"14 minutes\" \/>\n<script type=\"application\/ld+json\" class=\"yoast-schema-graph\">{\"@context\":\"https:\\\/\\\/schema.org\",\"@graph\":[{\"@type\":\"WebPage\",\"@id\":\"https:\\\/\\\/habluetzel.ch\\\/fr\\\/\",\"url\":\"https:\\\/\\\/habluetzel.ch\\\/fr\\\/\",\"name\":\"Habl\u00fctzel AG - Tout d'une seule source\",\"isPartOf\":{\"@id\":\"https:\\\/\\\/habluetzel.ch\\\/fr\\\/#website\"},\"datePublished\":\"2022-10-01T13:39:19+00:00\",\"dateModified\":\"2024-02-23T10:39:07+00:00\",\"breadcrumb\":{\"@id\":\"https:\\\/\\\/habluetzel.ch\\\/fr\\\/#breadcrumb\"},\"inLanguage\":\"fr-FR\",\"potentialAction\":[{\"@type\":\"ReadAction\",\"target\":[\"https:\\\/\\\/habluetzel.ch\\\/fr\\\/\"]}]},{\"@type\":\"BreadcrumbList\",\"@id\":\"https:\\\/\\\/habluetzel.ch\\\/fr\\\/#breadcrumb\",\"itemListElement\":[{\"@type\":\"ListItem\",\"position\":1,\"name\":\"Home\",\"item\":\"https:\\\/\\\/habluetzel.ch\\\/fr\\\/page-daccueil\\\/\"},{\"@type\":\"ListItem\",\"position\":2,\"name\":\"Page d&#8217;accueil\"}]},{\"@type\":\"WebSite\",\"@id\":\"https:\\\/\\\/habluetzel.ch\\\/fr\\\/#website\",\"url\":\"https:\\\/\\\/habluetzel.ch\\\/fr\\\/\",\"name\":\"Habl\u00fctzel AG\",\"description\":\"Alles aus einer Hand\",\"potentialAction\":[{\"@type\":\"SearchAction\",\"target\":{\"@type\":\"EntryPoint\",\"urlTemplate\":\"https:\\\/\\\/habluetzel.ch\\\/fr\\\/?s={search_term_string}\"},\"query-input\":{\"@type\":\"PropertyValueSpecification\",\"valueRequired\":true,\"valueName\":\"search_term_string\"}}],\"inLanguage\":\"fr-FR\"}]}<\/script>\n<!-- \/ Yoast SEO plugin. -->","yoast_head_json":{"title":"Habl\u00fctzel AG - Tout d'une seule source","robots":{"index":"index","follow":"follow","max-snippet":"max-snippet:-1","max-image-preview":"max-image-preview:large","max-video-preview":"max-video-preview:-1"},"canonical":"https:\/\/habluetzel.ch\/fr\/","og_locale":"fr_FR","og_type":"article","og_title":"Habl\u00fctzel AG - Tout d'une seule source","og_url":"https:\/\/habluetzel.ch\/fr\/","og_site_name":"Habl\u00fctzel AG","article_modified_time":"2024-02-23T10:39:07+00:00","twitter_card":"summary_large_image","twitter_misc":{"Dur\u00e9e de lecture estim\u00e9e":"14 minutes"},"schema":{"@context":"https:\/\/schema.org","@graph":[{"@type":"WebPage","@id":"https:\/\/habluetzel.ch\/fr\/","url":"https:\/\/habluetzel.ch\/fr\/","name":"Habl\u00fctzel AG - Tout d'une seule source","isPartOf":{"@id":"https:\/\/habluetzel.ch\/fr\/#website"},"datePublished":"2022-10-01T13:39:19+00:00","dateModified":"2024-02-23T10:39:07+00:00","breadcrumb":{"@id":"https:\/\/habluetzel.ch\/fr\/#breadcrumb"},"inLanguage":"fr-FR","potentialAction":[{"@type":"ReadAction","target":["https:\/\/habluetzel.ch\/fr\/"]}]},{"@type":"BreadcrumbList","@id":"https:\/\/habluetzel.ch\/fr\/#breadcrumb","itemListElement":[{"@type":"ListItem","position":1,"name":"Home","item":"https:\/\/habluetzel.ch\/fr\/page-daccueil\/"},{"@type":"ListItem","position":2,"name":"Page d&#8217;accueil"}]},{"@type":"WebSite","@id":"https:\/\/habluetzel.ch\/fr\/#website","url":"https:\/\/habluetzel.ch\/fr\/","name":"Habl\u00fctzel AG","description":"Alles aus einer Hand","potentialAction":[{"@type":"SearchAction","target":{"@type":"EntryPoint","urlTemplate":"https:\/\/habluetzel.ch\/fr\/?s={search_term_string}"},"query-input":{"@type":"PropertyValueSpecification","valueRequired":true,"valueName":"search_term_string"}}],"inLanguage":"fr-FR"}]}},"_links":{"self":[{"href":"https:\/\/habluetzel.ch\/fr\/wp-json\/wp\/v2\/pages\/2527","targetHints":{"allow":["GET"]}}],"collection":[{"href":"https:\/\/habluetzel.ch\/fr\/wp-json\/wp\/v2\/pages"}],"about":[{"href":"https:\/\/habluetzel.ch\/fr\/wp-json\/wp\/v2\/types\/page"}],"author":[{"embeddable":true,"href":"https:\/\/habluetzel.ch\/fr\/wp-json\/wp\/v2\/users\/1"}],"replies":[{"embeddable":true,"href":"https:\/\/habluetzel.ch\/fr\/wp-json\/wp\/v2\/comments?post=2527"}],"version-history":[{"count":3,"href":"https:\/\/habluetzel.ch\/fr\/wp-json\/wp\/v2\/pages\/2527\/revisions"}],"predecessor-version":[{"id":2599,"href":"https:\/\/habluetzel.ch\/fr\/wp-json\/wp\/v2\/pages\/2527\/revisions\/2599"}],"wp:attachment":[{"href":"https:\/\/habluetzel.ch\/fr\/wp-json\/wp\/v2\/media?parent=2527"}],"curies":[{"name":"wp","href":"https:\/\/api.w.org\/{rel}","templated":true}]}}